{"id":14099,"date":"2026-01-28T06:38:43","date_gmt":"2026-01-28T06:38:43","guid":{"rendered":"https:\/\/identitycreator.shop\/?post_type=product&#038;p=14099"},"modified":"2026-01-28T06:52:03","modified_gmt":"2026-01-28T06:52:03","slug":"tragbarer-elektroroller-fur-erwachsene-630w-motor-bis-zu-16-mph-18-meilen-reichweite-85%e2%80%b3-vollgummireifen-klappbar-lcd-display-app-steuerung-dual-scheibenbremsen","status":"publish","type":"product","link":"https:\/\/identitycreator.shop\/de\/produkt\/tragbarer-elektroroller-fur-erwachsene-630w-motor-bis-zu-16-mph-18-meilen-reichweite-85%e2%80%b3-vollgummireifen-klappbar-lcd-display-app-steuerung-dual-scheibenbremsen\/","title":{"rendered":"Tragbarer Elektroroller f\u00fcr Erwachsene - 630W Motor, bis zu 16 MPH, 18 Meilen Reichweite, 8,5\u2033 Vollgummireifen, klappbar, LCD-Display, App-Steuerung, Dual-Scheibenbremsen"},"content":{"rendered":"<p><img loading=\"lazy\" decoding=\"async\" width=\"1464\" height=\"600\" src=\"https:\/\/teal-lobster-750471.hostingersite.com\/wp-content\/uploads\/2026\/01\/S9b688f8c66af4b10b211f76e8ee3623fp-1.webp\" alt=\"\" srcset=\"https:\/\/teal-lobster-750471.hostingersite.com\/wp-content\/uploads\/2026\/01\/S9b688f8c66af4b10b211f76e8ee3623fp-1.webp 1464w, https:\/\/teal-lobster-750471.hostingersite.com\/wp-content\/uploads\/2026\/01\/S9b688f8c66af4b10b211f76e8ee3623fp-1-300x123.webp 300w, https:\/\/teal-lobster-750471.hostingersite.com\/wp-content\/uploads\/2026\/01\/S9b688f8c66af4b10b211f76e8ee3623fp-1-1024x420.webp 1024w, https:\/\/teal-lobster-750471.hostingersite.com\/wp-content\/uploads\/2026\/01\/S9b688f8c66af4b10b211f76e8ee3623fp-1-768x315.webp 768w, https:\/\/teal-lobster-750471.hostingersite.com\/wp-content\/uploads\/2026\/01\/S9b688f8c66af4b10b211f76e8ee3623fp-1-18x7.webp 18w, https:\/\/teal-lobster-750471.hostingersite.com\/wp-content\/uploads\/2026\/01\/S9b688f8c66af4b10b211f76e8ee3623fp-1-600x246.webp 600w, https:\/\/teal-lobster-750471.hostingersite.com\/wp-content\/uploads\/2026\/01\/S9b688f8c66af4b10b211f76e8ee3623fp-1-1x1.webp 1w, https:\/\/teal-lobster-750471.hostingersite.com\/wp-content\/uploads\/2026\/01\/S9b688f8c66af4b10b211f76e8ee3623fp-1-10x4.webp 10w\" sizes=\"auto, (max-width: 1464px) 100vw, 1464px\" \/><br \/>\n\t\t\t\t\t\t\t\t\t\t\t\t\t\t\t<img loading=\"lazy\" decoding=\"async\" width=\"1464\" height=\"600\" src=\"https:\/\/teal-lobster-750471.hostingersite.com\/wp-content\/uploads\/2026\/01\/S2308ab2bbcf84348a3dd9387fa629b348-1.webp\" alt=\"\" srcset=\"https:\/\/teal-lobster-750471.hostingersite.com\/wp-content\/uploads\/2026\/01\/S2308ab2bbcf84348a3dd9387fa629b348-1.webp 1464w, https:\/\/teal-lobster-750471.hostingersite.com\/wp-content\/uploads\/2026\/01\/S2308ab2bbcf84348a3dd9387fa629b348-1-300x123.webp 300w, https:\/\/teal-lobster-750471.hostingersite.com\/wp-content\/uploads\/2026\/01\/S2308ab2bbcf84348a3dd9387fa629b348-1-1024x420.webp 1024w, https:\/\/teal-lobster-750471.hostingersite.com\/wp-content\/uploads\/2026\/01\/S2308ab2bbcf84348a3dd9387fa629b348-1-768x315.webp 768w, https:\/\/teal-lobster-750471.hostingersite.com\/wp-content\/uploads\/2026\/01\/S2308ab2bbcf84348a3dd9387fa629b348-1-18x7.webp 18w, https:\/\/teal-lobster-750471.hostingersite.com\/wp-content\/uploads\/2026\/01\/S2308ab2bbcf84348a3dd9387fa629b348-1-600x246.webp 600w, https:\/\/teal-lobster-750471.hostingersite.com\/wp-content\/uploads\/2026\/01\/S2308ab2bbcf84348a3dd9387fa629b348-1-1x1.webp 1w, https:\/\/teal-lobster-750471.hostingersite.com\/wp-content\/uploads\/2026\/01\/S2308ab2bbcf84348a3dd9387fa629b348-1-10x4.webp 10w\" sizes=\"auto, (max-width: 1464px) 100vw, 1464px\" \/><br \/>\n\t\t\t\t\t\t\t\t\t\t\t\t\t\t\t<img loading=\"lazy\" decoding=\"async\" width=\"1464\" height=\"600\" src=\"https:\/\/teal-lobster-750471.hostingersite.com\/wp-content\/uploads\/2026\/01\/S2496b798614442c3a3f5214a223ae4cb0-1.webp\" alt=\"\" srcset=\"https:\/\/teal-lobster-750471.hostingersite.com\/wp-content\/uploads\/2026\/01\/S2496b798614442c3a3f5214a223ae4cb0-1.webp 1464w, https:\/\/teal-lobster-750471.hostingersite.com\/wp-content\/uploads\/2026\/01\/S2496b798614442c3a3f5214a223ae4cb0-1-300x123.webp 300w, https:\/\/teal-lobster-750471.hostingersite.com\/wp-content\/uploads\/2026\/01\/S2496b798614442c3a3f5214a223ae4cb0-1-1024x420.webp 1024w, https:\/\/teal-lobster-750471.hostingersite.com\/wp-content\/uploads\/2026\/01\/S2496b798614442c3a3f5214a223ae4cb0-1-768x315.webp 768w, https:\/\/teal-lobster-750471.hostingersite.com\/wp-content\/uploads\/2026\/01\/S2496b798614442c3a3f5214a223ae4cb0-1-18x7.webp 18w, https:\/\/teal-lobster-750471.hostingersite.com\/wp-content\/uploads\/2026\/01\/S2496b798614442c3a3f5214a223ae4cb0-1-600x246.webp 600w, https:\/\/teal-lobster-750471.hostingersite.com\/wp-content\/uploads\/2026\/01\/S2496b798614442c3a3f5214a223ae4cb0-1-1x1.webp 1w, https:\/\/teal-lobster-750471.hostingersite.com\/wp-content\/uploads\/2026\/01\/S2496b798614442c3a3f5214a223ae4cb0-1-10x4.webp 10w\" sizes=\"auto, (max-width: 1464px) 100vw, 1464px\" \/><br \/>\n\t\t\t\t\t\t\t\t\t\t\t\t\t\t\t<img loading=\"lazy\" decoding=\"async\" width=\"1464\" height=\"600\" src=\"https:\/\/teal-lobster-750471.hostingersite.com\/wp-content\/uploads\/2026\/01\/S6156abc56c6349349899947867b6f9afR-1.webp\" alt=\"\" srcset=\"https:\/\/teal-lobster-750471.hostingersite.com\/wp-content\/uploads\/2026\/01\/S6156abc56c6349349899947867b6f9afR-1.webp 1464w, https:\/\/teal-lobster-750471.hostingersite.com\/wp-content\/uploads\/2026\/01\/S6156abc56c6349349899947867b6f9afR-1-300x123.webp 300w, https:\/\/teal-lobster-750471.hostingersite.com\/wp-content\/uploads\/2026\/01\/S6156abc56c6349349899947867b6f9afR-1-1024x420.webp 1024w, https:\/\/teal-lobster-750471.hostingersite.com\/wp-content\/uploads\/2026\/01\/S6156abc56c6349349899947867b6f9afR-1-768x315.webp 768w, https:\/\/teal-lobster-750471.hostingersite.com\/wp-content\/uploads\/2026\/01\/S6156abc56c6349349899947867b6f9afR-1-18x7.webp 18w, https:\/\/teal-lobster-750471.hostingersite.com\/wp-content\/uploads\/2026\/01\/S6156abc56c6349349899947867b6f9afR-1-600x246.webp 600w, https:\/\/teal-lobster-750471.hostingersite.com\/wp-content\/uploads\/2026\/01\/S6156abc56c6349349899947867b6f9afR-1-1x1.webp 1w, https:\/\/teal-lobster-750471.hostingersite.com\/wp-content\/uploads\/2026\/01\/S6156abc56c6349349899947867b6f9afR-1-10x4.webp 10w\" sizes=\"auto, (max-width: 1464px) 100vw, 1464px\" \/>\t\t\t\t\t\t\t\t\t\t\t\t\t\t\t<\/p>\n<figure><img loading=\"lazy\" decoding=\"async\" width=\"300\" height=\"300\" src=\"https:\/\/teal-lobster-750471.hostingersite.com\/wp-content\/uploads\/2026\/01\/f68cef1a-9091-44ed-8ba7-5be40913ef4c.__CR0016001600_PT0_SX300_V1___.jpg\" alt=\"\" \/><\/figure>\n<h4>Langstrecken-Pendler-Roller<\/h4>\n<p>Der Elektroroller Max Reichweite von 20-25 km unter optimalen Bedingungen, Geschwindigkeit bis zu 25 km\/h, vermeiden Sie die Bel\u00e4stigung durch den dichten Verkehr, keine Angst vor dem Kilometerstand, einmal eine einzige Ladung f\u00fcr ein paar Tage pendeln.ganz, geeignet Elektroroller f\u00fcr Erwachsene.<\/p>\n<figure><img loading=\"lazy\" decoding=\"async\" width=\"300\" height=\"300\" src=\"https:\/\/teal-lobster-750471.hostingersite.com\/wp-content\/uploads\/2026\/01\/c8064f86-15af-4b39-8bb2-eceba5f810a8.__CR0016001600_PT0_SX300_V1___.jpg\" alt=\"\" \/><\/figure>\n<h4>Leistungsstarker Motor<\/h4>\n<p>Der Elektroscooter 350W Brushless Motor 36V 7.5Ah Batterie mit hoher Energiedichte, klettert 15\u00b0 bergauf und belastet max 120 kg, ideal f\u00fcr leichte Reisen, Pendeln, Verabredungen, auf dem Weg zur Schule oder Bibliothek.<\/p>\n<figure><img loading=\"lazy\" decoding=\"async\" width=\"300\" height=\"300\" src=\"https:\/\/teal-lobster-750471.hostingersite.com\/wp-content\/uploads\/2026\/01\/8e49a19c-3e31-48ea-ae22-08ca393cf99f.__CR0016001600_PT0_SX300_V1___.jpg\" alt=\"\" \/><\/figure>\n<h4>Duales Bremssystem<\/h4>\n<p>Der e roller verf\u00fcgt \u00fcber eine Scheibenbremse und ein regeneratives Antiblockiersystem EBS. Es kann Ihre Sicherheit gew\u00e4hrleisten.<br \/>\nDer e-Scooter hat eine eingebaute Klingel. Hat sowohl Kopf- als auch R\u00fccklichter, von denen letzteres schnell blinkt, wenn Sie auf die Bremse treten. Sicheres Fahren bei Nacht mit dem LED-Frontlicht und dem roten R\u00fccklicht.<\/p>\n<p>\t\t\t\t\t\t\t\t\t\t\t\t\t\t\t<img loading=\"lazy\" decoding=\"async\" width=\"1464\" height=\"600\" src=\"https:\/\/teal-lobster-750471.hostingersite.com\/wp-content\/uploads\/2026\/01\/Sc9809b64aaeb44b4affd846690286dab3-1.webp\" alt=\"\" srcset=\"https:\/\/teal-lobster-750471.hostingersite.com\/wp-content\/uploads\/2026\/01\/Sc9809b64aaeb44b4affd846690286dab3-1.webp 1464w, https:\/\/teal-lobster-750471.hostingersite.com\/wp-content\/uploads\/2026\/01\/Sc9809b64aaeb44b4affd846690286dab3-1-300x123.webp 300w, https:\/\/teal-lobster-750471.hostingersite.com\/wp-content\/uploads\/2026\/01\/Sc9809b64aaeb44b4affd846690286dab3-1-1024x420.webp 1024w, https:\/\/teal-lobster-750471.hostingersite.com\/wp-content\/uploads\/2026\/01\/Sc9809b64aaeb44b4affd846690286dab3-1-768x315.webp 768w, https:\/\/teal-lobster-750471.hostingersite.com\/wp-content\/uploads\/2026\/01\/Sc9809b64aaeb44b4affd846690286dab3-1-18x7.webp 18w, https:\/\/teal-lobster-750471.hostingersite.com\/wp-content\/uploads\/2026\/01\/Sc9809b64aaeb44b4affd846690286dab3-1-600x246.webp 600w, https:\/\/teal-lobster-750471.hostingersite.com\/wp-content\/uploads\/2026\/01\/Sc9809b64aaeb44b4affd846690286dab3-1-1x1.webp 1w, https:\/\/teal-lobster-750471.hostingersite.com\/wp-content\/uploads\/2026\/01\/Sc9809b64aaeb44b4affd846690286dab3-1-10x4.webp 10w\" sizes=\"auto, (max-width: 1464px) 100vw, 1464px\" \/><br \/>\n\t\t\t\t\t\t\t\t\t\t\t\t\t\t\t<img loading=\"lazy\" decoding=\"async\" width=\"1464\" height=\"600\" src=\"https:\/\/teal-lobster-750471.hostingersite.com\/wp-content\/uploads\/2026\/01\/Se1b8dc047cea46aa9ed4028cc4ab6053v-1.webp\" alt=\"\" srcset=\"https:\/\/teal-lobster-750471.hostingersite.com\/wp-content\/uploads\/2026\/01\/Se1b8dc047cea46aa9ed4028cc4ab6053v-1.webp 1464w, https:\/\/teal-lobster-750471.hostingersite.com\/wp-content\/uploads\/2026\/01\/Se1b8dc047cea46aa9ed4028cc4ab6053v-1-300x123.webp 300w, https:\/\/teal-lobster-750471.hostingersite.com\/wp-content\/uploads\/2026\/01\/Se1b8dc047cea46aa9ed4028cc4ab6053v-1-1024x420.webp 1024w, https:\/\/teal-lobster-750471.hostingersite.com\/wp-content\/uploads\/2026\/01\/Se1b8dc047cea46aa9ed4028cc4ab6053v-1-768x315.webp 768w, https:\/\/teal-lobster-750471.hostingersite.com\/wp-content\/uploads\/2026\/01\/Se1b8dc047cea46aa9ed4028cc4ab6053v-1-18x7.webp 18w, https:\/\/teal-lobster-750471.hostingersite.com\/wp-content\/uploads\/2026\/01\/Se1b8dc047cea46aa9ed4028cc4ab6053v-1-600x246.webp 600w, https:\/\/teal-lobster-750471.hostingersite.com\/wp-content\/uploads\/2026\/01\/Se1b8dc047cea46aa9ed4028cc4ab6053v-1-1x1.webp 1w, https:\/\/teal-lobster-750471.hostingersite.com\/wp-content\/uploads\/2026\/01\/Se1b8dc047cea46aa9ed4028cc4ab6053v-1-10x4.webp 10w\" sizes=\"auto, (max-width: 1464px) 100vw, 1464px\" \/><br \/>\n\t\t\t\t\t\t\t\t\t\t\t\t\t\t\t<img loading=\"lazy\" decoding=\"async\" width=\"1464\" height=\"600\" src=\"https:\/\/teal-lobster-750471.hostingersite.com\/wp-content\/uploads\/2026\/01\/Sfcbd2fa679674d9887fdaf637d059a82s-1.webp\" alt=\"\" srcset=\"https:\/\/teal-lobster-750471.hostingersite.com\/wp-content\/uploads\/2026\/01\/Sfcbd2fa679674d9887fdaf637d059a82s-1.webp 1464w, https:\/\/teal-lobster-750471.hostingersite.com\/wp-content\/uploads\/2026\/01\/Sfcbd2fa679674d9887fdaf637d059a82s-1-300x123.webp 300w, https:\/\/teal-lobster-750471.hostingersite.com\/wp-content\/uploads\/2026\/01\/Sfcbd2fa679674d9887fdaf637d059a82s-1-1024x420.webp 1024w, https:\/\/teal-lobster-750471.hostingersite.com\/wp-content\/uploads\/2026\/01\/Sfcbd2fa679674d9887fdaf637d059a82s-1-768x315.webp 768w, https:\/\/teal-lobster-750471.hostingersite.com\/wp-content\/uploads\/2026\/01\/Sfcbd2fa679674d9887fdaf637d059a82s-1-18x7.webp 18w, https:\/\/teal-lobster-750471.hostingersite.com\/wp-content\/uploads\/2026\/01\/Sfcbd2fa679674d9887fdaf637d059a82s-1-600x246.webp 600w, https:\/\/teal-lobster-750471.hostingersite.com\/wp-content\/uploads\/2026\/01\/Sfcbd2fa679674d9887fdaf637d059a82s-1-1x1.webp 1w, https:\/\/teal-lobster-750471.hostingersite.com\/wp-content\/uploads\/2026\/01\/Sfcbd2fa679674d9887fdaf637d059a82s-1-10x4.webp 10w\" sizes=\"auto, (max-width: 1464px) 100vw, 1464px\" \/><br \/>\n\t\t<!DOCTYPE html><br \/>\n<html lang=\"de\"><br \/>\n<head><br \/>\n    <meta charset=\"UTF-8\"><br \/>\n    <title>Produktinformationen<\/title><\/p>\n<style>\n        table {\n            width: 100%;\n            border-collapse: collapse;\n        }\n        tr {\n            border-bottom: 1px solid #ddd;\n        }\n        td {\n            padding: 10px 12px;\n            text-align: left;\n            vertical-align: top;\n        }\n        td:first-child {\n            width: 35%;\n            font-weight: bold;\n        }\n    <\/style>\n<p><\/head><br \/>\n<body><\/p>\n<table>\n<tr>\n<td>Besondere Merkmale<\/td>\n<td>3 Geschwindigkeitsmodi, APP-Steuerung, D\u00e4mpfungssystem, DGT-Zertifizierung, Klappbar, Maximale Belastbarkeit 120 kg, 2 Gummir\u00e4der, Aluminiumrahmen, Feststehender Lenker<\/td>\n<\/tr>\n<tr>\n<td>Farbe<\/td>\n<td>Schwarz, Wei\u00df<\/td>\n<\/tr>\n<tr>\n<td>Marke<\/td>\n<td>EVERCROSS<\/td>\n<\/tr>\n<tr>\n<td>Produktma\u00dfe<\/td>\n<td>Klappbares Design, Ausgefaltet: 112x58x96 cm, Geklappt: 46x22x68 cm<\/td>\n<\/tr>\n<tr>\n<td>Artikelgewicht<\/td>\n<td>15 Kilogramm, klappbar &amp; leicht zu transportieren<\/td>\n<\/tr>\n<tr>\n<td>Enthaltene Komponenten<\/td>\n<td>1 x EVERCROSS Ev85f E-Roller, 1 x Ladeger\u00e4t, 1 x Bedienungsanleitung, 1 x Montageset<\/td>\n<\/tr>\n<tr>\n<td>Hersteller<\/td>\n<td>EVERCROSS<\/td>\n<\/tr>\n<tr>\n<td>ASIN<\/td>\n<td>B0F9TR68XM<\/td>\n<\/tr>\n<tr>\n<td>Produktmodellnummer<\/td>\n<td>Ev85f<\/td>\n<\/tr>\n<tr>\n<td>Durchschnittliche Kundenbewertung<\/td>\n<td>4,6 \u2605\u2605\u2605\u2605\u2605 (396) 4,6 von 5 Sternen<\/td>\n<\/tr>\n<tr>\n<td>Platzierung in den Amazon Bestsellern<\/td>\n<td>Nr.6.892 in Sport &amp; Freizeit (Top 50 in E-Scooter) Nr.2 in Klappbare E-Scooter f\u00fcr Erwachsene<\/td>\n<\/tr>\n<tr>\n<td>Produkt seit auf amazon.com<\/td>\n<td>22. Juli 2025<\/td>\n<\/tr>\n<\/table>\n<p><\/body><br \/>\n<\/html><\/p>","protected":false},"excerpt":{"rendered":"<p>Langstrecken-Pendler-Roller Der Elektroroller Max Reichweite von 20-25 km unter optimalen Bedingungen, Geschwindigkeit bis zu 25 km\/h, vermeiden Sie die Bel\u00e4stigung&#8230;<\/p>","protected":false},"featured_media":14100,"comment_status":"open","ping_status":"closed","template":"","meta":{"_acf_changed":false},"etheme_brands":[],"product_brand":[],"product_cat":[118],"product_tag":[],"class_list":{"0":"post-14099","1":"product","2":"type-product","3":"status-publish","4":"has-post-thumbnail","6":"product_cat-sale-shop","8":"first","9":"instock","10":"sale","11":"shipping-taxable","12":"purchasable","13":"product-type-simple"},"acf":[],"_links":{"self":[{"href":"https:\/\/identitycreator.shop\/de\/wp-json\/wp\/v2\/product\/14099","targetHints":{"allow":["GET"]}}],"collection":[{"href":"https:\/\/identitycreator.shop\/de\/wp-json\/wp\/v2\/product"}],"about":[{"href":"https:\/\/identitycreator.shop\/de\/wp-json\/wp\/v2\/types\/product"}],"replies":[{"embeddable":true,"href":"https:\/\/identitycreator.shop\/de\/wp-json\/wp\/v2\/comments?post=14099"}],"version-history":[{"count":2,"href":"https:\/\/identitycreator.shop\/de\/wp-json\/wp\/v2\/product\/14099\/revisions"}],"predecessor-version":[{"id":14271,"href":"https:\/\/identitycreator.shop\/de\/wp-json\/wp\/v2\/product\/14099\/revisions\/14271"}],"wp:featuredmedia":[{"embeddable":true,"href":"https:\/\/identitycreator.shop\/de\/wp-json\/wp\/v2\/media\/14100"}],"wp:attachment":[{"href":"https:\/\/identitycreator.shop\/de\/wp-json\/wp\/v2\/media?parent=14099"}],"wp:term":[{"taxonomy":"brand","embeddable":true,"href":"https:\/\/identitycreator.shop\/de\/wp-json\/wp\/v2\/etheme_brands?post=14099"},{"taxonomy":"product_brand","embeddable":true,"href":"https:\/\/identitycreator.shop\/de\/wp-json\/wp\/v2\/product_brand?post=14099"},{"taxonomy":"product_cat","embeddable":true,"href":"https:\/\/identitycreator.shop\/de\/wp-json\/wp\/v2\/product_cat?post=14099"},{"taxonomy":"product_tag","embeddable":true,"href":"https:\/\/identitycreator.shop\/de\/wp-json\/wp\/v2\/product_tag?post=14099"}],"curies":[{"name":"wp","href":"https:\/\/api.w.org\/{rel}","templated":true}]}}