{"id":14122,"date":"2026-01-28T06:40:25","date_gmt":"2026-01-28T06:40:25","guid":{"rendered":"https:\/\/identitycreator.shop\/?post_type=product&#038;p=14122"},"modified":"2026-01-28T08:26:41","modified_gmt":"2026-01-28T08:26:41","slug":"xxl-protein-box-more-nutrition-zerup-clear-whey-protein-iced-coffee-protein-milkshake-protein-sahne-protein-griepudding-protein-pudding-shaker","status":"publish","type":"product","link":"https:\/\/identitycreator.shop\/de\/produkt\/xxl-protein-box-more-nutrition-zerup-clear-whey-protein-iced-coffee-protein-milkshake-protein-sahne-protein-griepudding-protein-pudding-shaker\/","title":{"rendered":"XXL Protein Box - MORE Nutrition - (Zerup, Clear Whey, Protein Eiskaffee, Protein Milchshake, Protein Sahne, Protein Grie?pudding, Protein Pudding, Shaker)"},"content":{"rendered":"<div data-elementor-type=\"product-post\" data-elementor-id=\"14122\" class=\"elementor elementor-14122\" data-elementor-post-type=\"product\">\n\t\t\t\t<div class=\"elementor-element elementor-element-7e444c7a e-flex e-con-boxed e-con e-parent\" data-id=\"7e444c7a\" data-element_type=\"container\" data-settings=\"{&quot;ekit_has_onepagescroll_dot&quot;:&quot;yes&quot;}\">\n\t\t\t\t\t<div class=\"e-con-inner\">\n\t\t\t\t<div class=\"elementor-element elementor-element-69366e43 elementor-widget elementor-widget-text-editor\" data-id=\"69366e43\" data-element_type=\"widget\" data-settings=\"{&quot;ekit_we_effect_on&quot;:&quot;none&quot;}\" data-widget_type=\"text-editor.default\">\n\t\t\t\t<div class=\"elementor-widget-container\">\n\t\t\t\t\t\t\t\t\t<p style=\"text-align: center;\"><img loading=\"lazy\" decoding=\"async\" class=\"alignnone size-full wp-image-15840\" src=\"https:\/\/teal-lobster-750471.hostingersite.com\/wp-content\/uploads\/2026\/01\/89259966-7b48-49fe-99af-287216842cc5.__CR0050002049_PT0_SX1464_V1___.jpg\" alt=\"\" width=\"1464\" height=\"600\" \/> <img loading=\"lazy\" decoding=\"async\" class=\"alignnone size-full wp-image-15841\" src=\"https:\/\/teal-lobster-750471.hostingersite.com\/wp-content\/uploads\/2026\/01\/cc168c39-14d7-47c9-88ff-4f0096bbffcc.__CR0050002049_PT0_SX1464_V1___.jpg\" alt=\"\" width=\"1464\" height=\"600\" \/> <img loading=\"lazy\" decoding=\"async\" class=\"alignnone size-full wp-image-15842\" src=\"https:\/\/teal-lobster-750471.hostingersite.com\/wp-content\/uploads\/2026\/01\/6b828cf7-a670-4843-a62b-e65028ba6483.__CR0050002049_PT0_SX1464_V1___.jpg\" alt=\"\" width=\"1464\" height=\"600\" \/> <img loading=\"lazy\" decoding=\"async\" class=\"alignnone size-full wp-image-15843\" src=\"https:\/\/teal-lobster-750471.hostingersite.com\/wp-content\/uploads\/2026\/01\/6e7886d3-9506-4acd-a07f-025c778650dc.__CR001464600_PT0_SX1464_V1___.jpg\" alt=\"\" width=\"1464\" height=\"600\" \/> <img loading=\"lazy\" decoding=\"async\" class=\"alignnone size-full wp-image-15844\" src=\"https:\/\/teal-lobster-750471.hostingersite.com\/wp-content\/uploads\/2026\/01\/501ae347-380b-4cbe-911b-05e21a26d9bf.__CR001464600_PT0_SX1464_V1___.jpg\" alt=\"\" width=\"1464\" height=\"600\" \/> <img loading=\"lazy\" decoding=\"async\" class=\"alignnone size-full wp-image-15845\" src=\"https:\/\/teal-lobster-750471.hostingersite.com\/wp-content\/uploads\/2026\/01\/680a5a9a-17fa-4cfd-82b9-8544b387feac.__CR001464600_PT0_SX1464_V1___.jpg\" alt=\"\" width=\"1464\" height=\"600\" \/> <img loading=\"lazy\" decoding=\"async\" class=\"alignnone size-full wp-image-15846\" src=\"https:\/\/teal-lobster-750471.hostingersite.com\/wp-content\/uploads\/2026\/01\/216040ec-f449-4678-9653-09b99578ecbd.__CR001464600_PT0_SX1464_V1___.jpg\" alt=\"\" width=\"1464\" height=\"600\" \/><\/p>\t\t\t\t\t\t\t\t<\/div>\n\t\t\t\t<\/div>\n\t\t\t\t\t<\/div>\n\t\t\t\t<\/div>\n\t\t<div class=\"elementor-element elementor-element-38615eda e-flex e-con-boxed e-con e-parent\" data-id=\"38615eda\" data-element_type=\"container\" data-settings=\"{&quot;ekit_has_onepagescroll_dot&quot;:&quot;yes&quot;}\">\n\t\t\t\t\t<div class=\"e-con-inner\">\n\t\t\t\t<div class=\"elementor-element elementor-element-52799cc3 elementor-widget elementor-widget-text-editor\" data-id=\"52799cc3\" data-element_type=\"widget\" data-settings=\"{&quot;ekit_we_effect_on&quot;:&quot;none&quot;}\" data-widget_type=\"text-editor.default\">\n\t\t\t\t<div class=\"elementor-widget-container\">\n\t\t\t\t\t\t\t\t\t<div class=\"elementor-widget-container\">\n# Produktinformationen\n<div class=\"product-table\">\n<div class=\"product-row\">\n<div class=\"product-label\">Besondere Merkmale<\/div>\n<div class=\"product-value\">XXL-Format, Passend f\u00fcr High-Protein-Grie\u00dfpudding (35g Protein pro Portion), Vollcremiger Geschmack, Bis zu 70 % weniger Zucker &amp; 90 % weniger Fett, Kein zugesetzter Zucker (Sucralose als S\u00fc\u00dfungsmittel), Lebensmittelechtes BPA-freies Material, Vielseitig einsetzbar (Fr\u00fchst\u00fcck\/Dessert\/Snack), Langanhaltende Frische, Sp\u00fclmaschinenfest<\/div>\n<\/div>\n<div class=\"product-row\">\n<div class=\"product-label\"><strong>Farbe<\/strong><\/div>\n<div class=\"product-value\"><strong>Schwarz, Grau, Wei\u00df<\/strong><\/div>\n<\/div>\n<div class=\"product-row\">\n<div class=\"product-label\"><strong>Marke<\/strong><\/div>\n<div class=\"product-value\"><strong>COSTWAY<\/strong><\/div>\n<\/div>\n<div class=\"product-row\">\n<div class=\"product-label\"><strong>Produktma\u00dfe<\/strong><\/div>\n<div class=\"product-value\"><strong>XXL-Aufbewahrungsformat (18 x 12 x 8 cm), Kompaktes Design f\u00fcr K\u00fcche &amp; Transport<\/strong><\/div>\n<\/div>\n<div class=\"product-row\">\n<div class=\"product-label\"><strong>Artikelgewicht<\/strong><\/div>\n<div class=\"product-value\"><strong>ca. 250 g, leicht zu transportieren und zu verstauen<\/strong><\/div>\n<\/div>\n<div class=\"product-row\">\n<div class=\"product-label\"><strong>Enthaltene Komponenten<\/strong><\/div>\n<div class=\"product-value\"><strong>1 x XXL Proteinbox (Lebensmittelecht), 1 x Messl\u00f6ffel, 1 x Gebrauchsanweisung<\/strong><\/div>\n<\/div>\n<div class=\"product-row\">\n<div class=\"product-label\"><strong>Hersteller<\/strong><\/div>\n<div class=\"product-value\"><strong>COSTWAY<\/strong><\/div>\n<\/div>\n<div class=\"product-row\">\n<div class=\"product-label\"><strong>ASIN<\/strong><\/div>\n<div class=\"product-value\"><strong>B0F9XS79LM<\/strong><\/div>\n<\/div>\n<div class=\"product-row\">\n<div class=\"product-label\"><strong>Produktmodellnummer<\/strong><\/div>\n<div class=\"product-value\"><strong>PB-XXL01<\/strong><\/div>\n<\/div>\n<div class=\"product-row\">\n<div class=\"product-label\"><strong>Durchschnittliche Kundenbewertung<\/strong><\/div>\n<div class=\"product-value\"><strong>4,7 \u2605\u2605\u2605\u2605\u2605 (418) 4,7 von 5 Sternen<\/strong><\/div>\n<\/div>\n<div class=\"product-row\">\n<div class=\"product-label\"><strong>Platzierung in den Amazon Bestsellern<\/strong><\/div>\n<div class=\"product-value\"><strong>Nr.7.924 in K\u00fcche &amp; Haushalt (Top 30 in Proteinaufbewahrung) Nr.1 in XXL Proteinboxen<\/strong><\/div>\n<\/div>\n<div class=\"product-row\">\n<div class=\"product-label\"><strong>Produkt seit auf amazon.com<\/strong><\/div>\n<div class=\"product-value\"><strong>08. August 2025<\/strong><\/div>\n<\/div>\n<\/div>\n<style>\n.product-table {\nwidth: 100%;\nborder-top: 1px solid #000;\nfont-family: Arial, sans-serif;\n}\n.product-row {\ndisplay: flex;\nborder-bottom: 1px solid #000;\npadding: 12px 0;\n}\n.product-label {\nflex: 1;\nfont-weight: bold;\nmin-width: 200px;\npadding-right: 20px;\n}\n.product-value {\nflex: 1;\nmin-width: 200px;\n}\n<\/style>\n<\/div>\t\t\t\t\t\t\t\t<\/div>\n\t\t\t\t<\/div>\n\t\t\t\t\t<\/div>\n\t\t\t\t<\/div>\n\t\t\t\t<\/div>","protected":false},"excerpt":{"rendered":"<p># Produktinformationen Besondere Merkmale XXL-Format, Passend f\u00fcr High-Protein-Grie\u00dfpudding (35g Protein pro Portion), Vollcremiger Geschmack, Bis zu 70 % weniger Zucker&#8230;<\/p>","protected":false},"featured_media":14123,"comment_status":"open","ping_status":"closed","template":"","meta":{"_acf_changed":false},"etheme_brands":[],"product_brand":[],"product_cat":[118],"product_tag":[],"class_list":{"0":"post-14122","1":"product","2":"type-product","3":"status-publish","4":"has-post-thumbnail","6":"product_cat-sale-shop","8":"first","9":"instock","10":"sale","11":"shipping-taxable","12":"purchasable","13":"product-type-simple"},"acf":[],"_links":{"self":[{"href":"https:\/\/identitycreator.shop\/de\/wp-json\/wp\/v2\/product\/14122","targetHints":{"allow":["GET"]}}],"collection":[{"href":"https:\/\/identitycreator.shop\/de\/wp-json\/wp\/v2\/product"}],"about":[{"href":"https:\/\/identitycreator.shop\/de\/wp-json\/wp\/v2\/types\/product"}],"replies":[{"embeddable":true,"href":"https:\/\/identitycreator.shop\/de\/wp-json\/wp\/v2\/comments?post=14122"}],"version-history":[{"count":4,"href":"https:\/\/identitycreator.shop\/de\/wp-json\/wp\/v2\/product\/14122\/revisions"}],"predecessor-version":[{"id":14313,"href":"https:\/\/identitycreator.shop\/de\/wp-json\/wp\/v2\/product\/14122\/revisions\/14313"}],"wp:featuredmedia":[{"embeddable":true,"href":"https:\/\/identitycreator.shop\/de\/wp-json\/wp\/v2\/media\/14123"}],"wp:attachment":[{"href":"https:\/\/identitycreator.shop\/de\/wp-json\/wp\/v2\/media?parent=14122"}],"wp:term":[{"taxonomy":"brand","embeddable":true,"href":"https:\/\/identitycreator.shop\/de\/wp-json\/wp\/v2\/etheme_brands?post=14122"},{"taxonomy":"product_brand","embeddable":true,"href":"https:\/\/identitycreator.shop\/de\/wp-json\/wp\/v2\/product_brand?post=14122"},{"taxonomy":"product_cat","embeddable":true,"href":"https:\/\/identitycreator.shop\/de\/wp-json\/wp\/v2\/product_cat?post=14122"},{"taxonomy":"product_tag","embeddable":true,"href":"https:\/\/identitycreator.shop\/de\/wp-json\/wp\/v2\/product_tag?post=14122"}],"curies":[{"name":"wp","href":"https:\/\/api.w.org\/{rel}","templated":true}]}}